{"id":246,"date":"2025-05-21T13:12:25","date_gmt":"2025-05-21T13:12:25","guid":{"rendered":"https:\/\/repositorio.pynex.com.br\/?page_id=246"},"modified":"2025-05-23T12:17:20","modified_gmt":"2025-05-23T12:17:20","slug":"sobre","status":"publish","type":"page","link":"https:\/\/repositorio.pynex.com.br\/index.php\/sobre\/","title":{"rendered":"sobre"},"content":{"rendered":"\t\t<div data-elementor-type=\"wp-page\" data-elementor-id=\"246\" class=\"elementor elementor-246\" data-elementor-post-type=\"page\">\n\t\t\t\t<div class=\"elementor-element elementor-element-1c9c252b e-flex e-con-boxed e-con e-parent\" data-id=\"1c9c252b\" data-element_type=\"container\" data-settings=\"{&quot;background_background&quot;:&quot;classic&quot;}\">\n\t\t\t\t\t<div class=\"e-con-inner\">\n\t\t<div class=\"elementor-element elementor-element-6a395be6 e-con-full e-flex e-con e-child\" data-id=\"6a395be6\" data-element_type=\"container\">\n\t\t<div class=\"elementor-element elementor-element-6b185d33 e-con-full e-flex elementor-invisible e-con e-child\" data-id=\"6b185d33\" data-element_type=\"container\" data-settings=\"{&quot;animation&quot;:&quot;fadeInLeft&quot;}\">\n\t\t\t\t<div class=\"elementor-element elementor-element-4ecdf73c elementor-widget elementor-widget-elementskit-heading\" data-id=\"4ecdf73c\" data-element_type=\"widget\" data-widget_type=\"elementskit-heading.default\">\n\t\t\t\t<div class=\"elementor-widget-container\">\n\t\t\t\t\t<div class=\"ekit-wid-con\" ><div class=\"ekit-heading elementskit-section-title-wraper text_left   ekit_heading_tablet-   ekit_heading_mobile-\"><h2 class=\"ekit-heading--title elementskit-section-title \">Quem Somos<\/h2><\/div><\/div>\t\t\t\t<\/div>\n\t\t\t\t<\/div>\n\t\t\t\t<div class=\"elementor-element elementor-element-28405a43 elementor-widget elementor-widget-text-editor\" data-id=\"28405a43\" data-element_type=\"widget\" data-widget_type=\"text-editor.default\">\n\t\t\t\t<div class=\"elementor-widget-container\">\n\t\t\t\t\t\t\t\t\t<p data-start=\"190\" data-end=\"379\">Somos uma associa\u00e7\u00e3o que apoia e representa as pousadas de Cachoeira Paulista. Trabalhamos juntos para fortalecer o turismo local e oferecer a melhor experi\u00eancia a quem visita nossa cidade.<\/p>\t\t\t\t\t\t\t\t<\/div>\n\t\t\t\t<\/div>\n\t\t\t\t<\/div>\n\t\t<div class=\"elementor-element elementor-element-6811d41b e-con-full e-flex elementor-invisible e-con e-child\" data-id=\"6811d41b\" data-element_type=\"container\" data-settings=\"{&quot;animation&quot;:&quot;fadeInRight&quot;}\">\n\t\t\t\t<\/div>\n\t\t\t\t<\/div>\n\t\t\t\t\t<\/div>\n\t\t\t\t<\/div>\n\t\t<div class=\"elementor-element elementor-element-720d57a8 e-flex e-con-boxed e-con e-parent\" data-id=\"720d57a8\" data-element_type=\"container\">\n\t\t\t\t\t<div class=\"e-con-inner\">\n\t\t<div class=\"elementor-element elementor-element-2550f0ad e-con-full e-flex e-con e-child\" data-id=\"2550f0ad\" data-element_type=\"container\">\n\t\t<div class=\"elementor-element elementor-element-d5edc68 e-con-full e-flex e-con e-child\" data-id=\"d5edc68\" data-element_type=\"container\" data-settings=\"{&quot;background_background&quot;:&quot;classic&quot;}\">\n\t\t\t\t<div class=\"elementor-element elementor-element-823f82f elementor-widget elementor-widget-image\" data-id=\"823f82f\" data-element_type=\"widget\" data-widget_type=\"image.default\">\n\t\t\t\t<div class=\"elementor-widget-container\">\n\t\t\t\t\t\t\t\t\t\t\t\t\t\t\t<img fetchpriority=\"high\" decoding=\"async\" width=\"768\" height=\"1024\" src=\"https:\/\/repositorio.pynex.com.br\/wp-content\/uploads\/2025\/05\/Monumento_da_Cancao_Nova_Cachoeira_Paulista_SP-768x1024-1.jpeg\" class=\"attachment-large size-large wp-image-203\" alt=\"\" srcset=\"https:\/\/repositorio.pynex.com.br\/wp-content\/uploads\/2025\/05\/Monumento_da_Cancao_Nova_Cachoeira_Paulista_SP-768x1024-1.jpeg 768w, https:\/\/repositorio.pynex.com.br\/wp-content\/uploads\/2025\/05\/Monumento_da_Cancao_Nova_Cachoeira_Paulista_SP-768x1024-1-225x300.jpeg 225w\" sizes=\"(max-width: 768px) 100vw, 768px\" \/>\t\t\t\t\t\t\t\t\t\t\t\t\t\t\t<\/div>\n\t\t\t\t<\/div>\n\t\t\t\t<\/div>\n\t\t<div class=\"elementor-element elementor-element-7b914f23 e-con-full e-flex elementor-invisible e-con e-child\" data-id=\"7b914f23\" data-element_type=\"container\" data-settings=\"{&quot;animation&quot;:&quot;fadeInRight&quot;,&quot;animation_delay&quot;:200}\">\n\t\t\t\t<div class=\"elementor-element elementor-element-5b9d9e6f elementor-widget__width-initial elementor-widget-mobile__width-inherit elementor-widget elementor-widget-elementskit-heading\" data-id=\"5b9d9e6f\" data-element_type=\"widget\" data-widget_type=\"elementskit-heading.default\">\n\t\t\t\t<div class=\"elementor-widget-container\">\n\t\t\t\t\t<div class=\"ekit-wid-con\" ><div class=\"ekit-heading elementskit-section-title-wraper text_left   ekit_heading_tablet-   ekit_heading_mobile-\"><h2 class=\"ekit-heading--title elementskit-section-title \"><span>Conhe\u00e7a<\/span> o GAP<\/h2><\/div><\/div>\t\t\t\t<\/div>\n\t\t\t\t<\/div>\n\t\t<div class=\"elementor-element elementor-element-1c447d17 e-con-full e-flex e-con e-child\" data-id=\"1c447d17\" data-element_type=\"container\" data-settings=\"{&quot;background_background&quot;:&quot;classic&quot;}\">\n\t\t\t\t<div class=\"elementor-element elementor-element-3259588b elementor-widget elementor-widget-text-editor\" data-id=\"3259588b\" data-element_type=\"widget\" data-widget_type=\"text-editor.default\">\n\t\t\t\t<div class=\"elementor-widget-container\">\n\t\t\t\t\t\t\t\t\t<p data-start=\"151\" data-end=\"439\">O GAP (Grupo de Apoio \u00e0s Pousadas) \u00e9 uma associa\u00e7\u00e3o sem fins lucrativos que representa e apoia pousadas e hot\u00e9is em Cachoeira Paulista\/SP. Surgimos com o prop\u00f3sito de fortalecer o setor de hospedagem da cidade, promovendo desenvolvimento, capacita\u00e7\u00e3o e uni\u00e3o entre os empres\u00e1rios da \u00e1rea.<\/p><p data-start=\"441\" data-end=\"752\">Nossa hist\u00f3ria come\u00e7ou ap\u00f3s o encerramento da antiga Associa\u00e7\u00e3o Papa Bento XVI, em 2015, quando identificamos a necessidade urgente de uma nova organiza\u00e7\u00e3o que pudesse representar os interesses do setor hoteleiro, especialmente diante do crescimento constante do turismo religioso impulsionado pela Can\u00e7\u00e3o Nova.<\/p><p data-start=\"754\" data-end=\"1050\">Desde ent\u00e3o, o GAP tem se consolidado como a principal entidade de apoio \u00e0s pousadas de Cachoeira Paulista. Atuamos por meio de a\u00e7\u00f5es estrat\u00e9gicas e pr\u00e1ticas, oferecendo suporte t\u00e9cnico, capacita\u00e7\u00f5es, campanhas de divulga\u00e7\u00e3o e promovendo parcerias com o poder p\u00fablico e demais setores do turismo.<\/p><p data-start=\"1052\" data-end=\"1242\">Nosso objetivo \u00e9 contribuir com o crescimento sustent\u00e1vel do turismo na cidade, fortalecendo a rede local de hospedagem e garantindo uma experi\u00eancia acolhedora e de qualidade aos visitantes.<\/p>\t\t\t\t\t\t\t\t<\/div>\n\t\t\t\t<\/div>\n\t\t\t\t<\/div>\n\t\t\t\t<\/div>\n\t\t\t\t<\/div>\n\t\t\t\t\t<\/div>\n\t\t\t\t<\/div>\n\t\t<div class=\"elementor-element elementor-element-5cf1b4fd e-flex e-con-boxed e-con e-parent\" data-id=\"5cf1b4fd\" data-element_type=\"container\">\n\t\t\t\t\t<div class=\"e-con-inner\">\n\t\t\t\t<div class=\"elementor-element elementor-element-e881cba gallery-spacing-custom elementor-invisible elementor-widget elementor-widget-image-gallery\" data-id=\"e881cba\" data-element_type=\"widget\" data-settings=\"{&quot;_animation&quot;:&quot;fadeInLeft&quot;}\" data-widget_type=\"image-gallery.default\">\n\t\t\t\t<div class=\"elementor-widget-container\">\n\t\t\t\t\t\t\t<div class=\"elementor-image-gallery\">\n\t\t\t<div id='gallery-1' class='gallery galleryid-246 gallery-columns-2 gallery-size-full'><figure class='gallery-item'>\n\t\t\t<div class='gallery-icon landscape'>\n\t\t\t\t<img decoding=\"async\" width=\"1024\" height=\"681\" src=\"https:\/\/repositorio.pynex.com.br\/wp-content\/uploads\/2025\/05\/7GK7PRJ3NRJ6HHWIGSKJZ6UGOQ-1024x681-1.jpg\" class=\"attachment-full size-full\" alt=\"\" srcset=\"https:\/\/repositorio.pynex.com.br\/wp-content\/uploads\/2025\/05\/7GK7PRJ3NRJ6HHWIGSKJZ6UGOQ-1024x681-1.jpg 1024w, https:\/\/repositorio.pynex.com.br\/wp-content\/uploads\/2025\/05\/7GK7PRJ3NRJ6HHWIGSKJZ6UGOQ-1024x681-1-300x200.jpg 300w, https:\/\/repositorio.pynex.com.br\/wp-content\/uploads\/2025\/05\/7GK7PRJ3NRJ6HHWIGSKJZ6UGOQ-1024x681-1-768x511.jpg 768w\" sizes=\"(max-width: 1024px) 100vw, 1024px\" \/>\n\t\t\t<\/div><\/figure><figure class='gallery-item'>\n\t\t\t<div class='gallery-icon landscape'>\n\t\t\t\t<img decoding=\"async\" width=\"1024\" height=\"768\" src=\"https:\/\/repositorio.pynex.com.br\/wp-content\/uploads\/2025\/05\/Cancao-Nova-scaled-1-1024x768-1.jpg\" class=\"attachment-full size-full\" alt=\"\" srcset=\"https:\/\/repositorio.pynex.com.br\/wp-content\/uploads\/2025\/05\/Cancao-Nova-scaled-1-1024x768-1.jpg 1024w, https:\/\/repositorio.pynex.com.br\/wp-content\/uploads\/2025\/05\/Cancao-Nova-scaled-1-1024x768-1-300x225.jpg 300w, https:\/\/repositorio.pynex.com.br\/wp-content\/uploads\/2025\/05\/Cancao-Nova-scaled-1-1024x768-1-768x576.jpg 768w\" sizes=\"(max-width: 1024px) 100vw, 1024px\" \/>\n\t\t\t<\/div><\/figure><figure class='gallery-item'>\n\t\t\t<div class='gallery-icon landscape'>\n\t\t\t\t<img loading=\"lazy\" decoding=\"async\" width=\"500\" height=\"331\" src=\"https:\/\/repositorio.pynex.com.br\/wp-content\/uploads\/2025\/05\/306779969_465031542318471_3067810628178865209_n.jpg\" class=\"attachment-full size-full\" alt=\"\" srcset=\"https:\/\/repositorio.pynex.com.br\/wp-content\/uploads\/2025\/05\/306779969_465031542318471_3067810628178865209_n.jpg 500w, https:\/\/repositorio.pynex.com.br\/wp-content\/uploads\/2025\/05\/306779969_465031542318471_3067810628178865209_n-300x199.jpg 300w\" sizes=\"(max-width: 500px) 100vw, 500px\" \/>\n\t\t\t<\/div><\/figure><figure class='gallery-item'>\n\t\t\t<div class='gallery-icon landscape'>\n\t\t\t\t<img loading=\"lazy\" decoding=\"async\" width=\"1024\" height=\"680\" src=\"https:\/\/repositorio.pynex.com.br\/wp-content\/uploads\/2025\/05\/Captura-de-Tela-2023-04-30-as-10.54.32-1024x680-1.png\" class=\"attachment-full size-full\" alt=\"\" srcset=\"https:\/\/repositorio.pynex.com.br\/wp-content\/uploads\/2025\/05\/Captura-de-Tela-2023-04-30-as-10.54.32-1024x680-1.png 1024w, https:\/\/repositorio.pynex.com.br\/wp-content\/uploads\/2025\/05\/Captura-de-Tela-2023-04-30-as-10.54.32-1024x680-1-300x199.png 300w, https:\/\/repositorio.pynex.com.br\/wp-content\/uploads\/2025\/05\/Captura-de-Tela-2023-04-30-as-10.54.32-1024x680-1-768x510.png 768w\" sizes=\"(max-width: 1024px) 100vw, 1024px\" \/>\n\t\t\t<\/div><\/figure><figure class='gallery-item'>\n\t\t\t<div class='gallery-icon landscape'>\n\t\t\t\t<img loading=\"lazy\" decoding=\"async\" width=\"720\" height=\"450\" src=\"https:\/\/repositorio.pynex.com.br\/wp-content\/uploads\/2025\/05\/Parque-Ecologico-Nelson-Lorena-1.jpg\" class=\"attachment-full size-full\" alt=\"\" srcset=\"https:\/\/repositorio.pynex.com.br\/wp-content\/uploads\/2025\/05\/Parque-Ecologico-Nelson-Lorena-1.jpg 720w, https:\/\/repositorio.pynex.com.br\/wp-content\/uploads\/2025\/05\/Parque-Ecologico-Nelson-Lorena-1-300x188.jpg 300w\" sizes=\"(max-width: 720px) 100vw, 720px\" \/>\n\t\t\t<\/div><\/figure><figure class='gallery-item'>\n\t\t\t<div class='gallery-icon landscape'>\n\t\t\t\t<img loading=\"lazy\" decoding=\"async\" width=\"1024\" height=\"829\" src=\"https:\/\/repositorio.pynex.com.br\/wp-content\/uploads\/2025\/05\/image-1024x829-1.png\" class=\"attachment-full size-full\" alt=\"\" srcset=\"https:\/\/repositorio.pynex.com.br\/wp-content\/uploads\/2025\/05\/image-1024x829-1.png 1024w, https:\/\/repositorio.pynex.com.br\/wp-content\/uploads\/2025\/05\/image-1024x829-1-300x243.png 300w, https:\/\/repositorio.pynex.com.br\/wp-content\/uploads\/2025\/05\/image-1024x829-1-768x622.png 768w\" sizes=\"(max-width: 1024px) 100vw, 1024px\" \/>\n\t\t\t<\/div><\/figure><figure class='gallery-item'>\n\t\t\t<div class='gallery-icon landscape'>\n\t\t\t\t<img loading=\"lazy\" decoding=\"async\" width=\"1024\" height=\"683\" src=\"https:\/\/repositorio.pynex.com.br\/wp-content\/uploads\/2025\/05\/FONTE_MAO_FRIA_DEZ_18_0009-1024x683-1.jpeg\" class=\"attachment-full size-full\" alt=\"\" srcset=\"https:\/\/repositorio.pynex.com.br\/wp-content\/uploads\/2025\/05\/FONTE_MAO_FRIA_DEZ_18_0009-1024x683-1.jpeg 1024w, https:\/\/repositorio.pynex.com.br\/wp-content\/uploads\/2025\/05\/FONTE_MAO_FRIA_DEZ_18_0009-1024x683-1-300x200.jpeg 300w, https:\/\/repositorio.pynex.com.br\/wp-content\/uploads\/2025\/05\/FONTE_MAO_FRIA_DEZ_18_0009-1024x683-1-768x512.jpeg 768w\" sizes=\"(max-width: 1024px) 100vw, 1024px\" \/>\n\t\t\t<\/div><\/figure><figure class='gallery-item'>\n\t\t\t<div class='gallery-icon landscape'>\n\t\t\t\t<img loading=\"lazy\" decoding=\"async\" width=\"590\" height=\"332\" src=\"https:\/\/repositorio.pynex.com.br\/wp-content\/uploads\/2025\/05\/MUSEU_CP_001.jpg\" class=\"attachment-full size-full\" alt=\"\" srcset=\"https:\/\/repositorio.pynex.com.br\/wp-content\/uploads\/2025\/05\/MUSEU_CP_001.jpg 590w, https:\/\/repositorio.pynex.com.br\/wp-content\/uploads\/2025\/05\/MUSEU_CP_001-300x169.jpg 300w\" sizes=\"(max-width: 590px) 100vw, 590px\" \/>\n\t\t\t<\/div><\/figure><figure class='gallery-item'>\n\t\t\t<div class='gallery-icon landscape'>\n\t\t\t\t<img loading=\"lazy\" decoding=\"async\" width=\"1024\" height=\"683\" src=\"https:\/\/repositorio.pynex.com.br\/wp-content\/uploads\/2025\/05\/img-1024x683-1.jpg\" class=\"attachment-full size-full\" alt=\"\" srcset=\"https:\/\/repositorio.pynex.com.br\/wp-content\/uploads\/2025\/05\/img-1024x683-1.jpg 1024w, https:\/\/repositorio.pynex.com.br\/wp-content\/uploads\/2025\/05\/img-1024x683-1-300x200.jpg 300w, https:\/\/repositorio.pynex.com.br\/wp-content\/uploads\/2025\/05\/img-1024x683-1-768x512.jpg 768w\" sizes=\"(max-width: 1024px) 100vw, 1024px\" \/>\n\t\t\t<\/div><\/figure><figure class='gallery-item'>\n\t\t\t<div class='gallery-icon landscape'>\n\t\t\t\t<img loading=\"lazy\" decoding=\"async\" width=\"1024\" height=\"768\" src=\"https:\/\/repositorio.pynex.com.br\/wp-content\/uploads\/2025\/05\/1024-768-cachoeira-de-santo-isidro-no-parque-nacional-da-serra-da-bocaina-sp-dsc_4054.jpg\" class=\"attachment-full size-full\" alt=\"\" srcset=\"https:\/\/repositorio.pynex.com.br\/wp-content\/uploads\/2025\/05\/1024-768-cachoeira-de-santo-isidro-no-parque-nacional-da-serra-da-bocaina-sp-dsc_4054.jpg 1024w, https:\/\/repositorio.pynex.com.br\/wp-content\/uploads\/2025\/05\/1024-768-cachoeira-de-santo-isidro-no-parque-nacional-da-serra-da-bocaina-sp-dsc_4054-300x225.jpg 300w, https:\/\/repositorio.pynex.com.br\/wp-content\/uploads\/2025\/05\/1024-768-cachoeira-de-santo-isidro-no-parque-nacional-da-serra-da-bocaina-sp-dsc_4054-768x576.jpg 768w\" sizes=\"(max-width: 1024px) 100vw, 1024px\" \/>\n\t\t\t<\/div><\/figure>\n\t\t<\/div>\n\t\t<\/div>\n\t\t\t\t\t\t<\/div>\n\t\t\t\t<\/div>\n\t\t\t\t\t<\/div>\n\t\t\t\t<\/div>\n\t\t\t\t<\/div>\n\t\t","protected":false},"excerpt":{"rendered":"<p>Quem Somos Somos uma associa\u00e7\u00e3o que apoia e representa as pousadas de Cachoeira Paulista. Trabalhamos juntos para fortalecer o turismo local e oferecer a melhor experi\u00eancia a quem visita nossa cidade. Conhe\u00e7a o GAP O GAP (Grupo de Apoio \u00e0s Pousadas) \u00e9 uma associa\u00e7\u00e3o sem fins lucrativos que representa e apoia pousadas e hot\u00e9is em [&hellip;]<\/p>\n","protected":false},"author":1,"featured_media":0,"parent":0,"menu_order":0,"comment_status":"closed","ping_status":"closed","template":"elementor_header_footer","meta":{"footnotes":""},"class_list":["post-246","page","type-page","status-publish","hentry"],"_links":{"self":[{"href":"https:\/\/repositorio.pynex.com.br\/index.php\/wp-json\/wp\/v2\/pages\/246","targetHints":{"allow":["GET"]}}],"collection":[{"href":"https:\/\/repositorio.pynex.com.br\/index.php\/wp-json\/wp\/v2\/pages"}],"about":[{"href":"https:\/\/repositorio.pynex.com.br\/index.php\/wp-json\/wp\/v2\/types\/page"}],"author":[{"embeddable":true,"href":"https:\/\/repositorio.pynex.com.br\/index.php\/wp-json\/wp\/v2\/users\/1"}],"replies":[{"embeddable":true,"href":"https:\/\/repositorio.pynex.com.br\/index.php\/wp-json\/wp\/v2\/comments?post=246"}],"version-history":[{"count":31,"href":"https:\/\/repositorio.pynex.com.br\/index.php\/wp-json\/wp\/v2\/pages\/246\/revisions"}],"predecessor-version":[{"id":491,"href":"https:\/\/repositorio.pynex.com.br\/index.php\/wp-json\/wp\/v2\/pages\/246\/revisions\/491"}],"wp:attachment":[{"href":"https:\/\/repositorio.pynex.com.br\/index.php\/wp-json\/wp\/v2\/media?parent=246"}],"curies":[{"name":"wp","href":"https:\/\/api.w.org\/{rel}","templated":true}]}}